{"id":10548,"date":"2022-03-25T08:20:18","date_gmt":"2022-03-25T07:20:18","guid":{"rendered":"https:\/\/cuoredilimone.ch\/produit\/clementino-handwerklich-clementinenlikoer-mandarino\/"},"modified":"2025-12-24T16:19:30","modified_gmt":"2025-12-24T15:19:30","slug":"mandarino","status":"publish","type":"product","link":"https:\/\/cuoredilimone.ch\/de\/produit\/mandarino\/","title":{"rendered":"Cl\u00e9mentino Artisanal ~ Liqueur de cl\u00e9mentine"},"content":{"rendered":"<p><strong>Volumen<\/strong>: Alk. 24% &#8211; 26% vol. Alkoholgehalt auf den Etiketten je nach Cuv\u00e9e<\/p>\n<p>&nbsp;<\/p>\n<p><strong><a href=\"https:\/\/cuoredilimone.ch\/de\/beratung\/\">Hier finden Sie unsere Tipps, wie Sie Ihren Lik\u00f6r am besten aufbewahren und genie\u00dfen k\u00f6nnen.<\/a><\/strong><\/p>\n<p>&nbsp;<\/p>\n<h3>Geschichte von Clementino, Clementinenlik\u00f6r<\/h3>\n<p>Im Laufe der Zeit gelangten Mandarinen in andere Regionen der Welt, insbesondere in den Mittelmeerraum. Hier nahm die Geschichte des Clementino, wie wir ihn heute kennen, Gestalt an.<\/p>\n<p>&nbsp;<\/p>\n<p>Im Mittelmeerraum fanden Clementinen ein f\u00fcr ihr Wachstum g\u00fcnstiges Klima vor und passten sich schnell an die fruchtbaren B\u00f6den der Region an. Die Einheimischen entdeckten die Geschmacksfreuden der Mandarinen und begannen, sie in verschiedenen kulinarischen Zubereitungen zu verwenden, unter anderem bei der Herstellung von Lik\u00f6ren.<\/p>\n<p>&nbsp;<\/p>\n<p>Die Kunst, einen Lik\u00f6r aus Clementinen herzustellen, entwickelte sich in H\u00e4usern und Kl\u00f6stern, wo M\u00f6nche ihre F\u00e4higkeiten nutzten, um schmackhafte und wohltuende Getr\u00e4nke zu kreieren. Im Laufe der Zeit wurden diese Rezepte von Generation zu Generation weitergegeben und so die Clementino-Tradition bewahrt.<\/p>\n<p>&nbsp;<\/p>\n<p>Die Ankunft der Mandarine in der Schweiz er\u00f6ffnete neue Perspektiven f\u00fcr die Herstellung handwerklich hergestellter Lik\u00f6re. Schweizer Produzenten nutzten diese Chance und begannen, eigene Rezepturen zu entwickeln.<\/p>\n<p>&nbsp;<\/p>\n<p>So begann die Geschichte des Clementino in der Schweiz mit leidenschaftlichen Produzenten geschrieben zu werden, die ihre Zeit und ihr Fachwissen darauf verwendeten, einen au\u00dfergew\u00f6hnlichen Lik\u00f6r zu kreieren. Sie haben die Produktionsmethoden perfektioniert, die besten Clementinen ausgew\u00e4hlt und handwerkliche Techniken eingesetzt, um die ganze Feinheit und Frische dieser zarten Zitrusfr\u00fcchte einzufangen.<\/p>\n<p>&nbsp;<\/p>\n<p>Heute wird Schweizer Clementino f\u00fcr seine hervorragende Qualit\u00e4t und seinen authentischen Geschmack gesch\u00e4tzt. Jede Flasche verk\u00f6rpert die Geschichte von Tradition, Terroir und Know-how. Die Geschichte von Cl\u00e9mentino ist eine Geschichte der Leidenschaft, der Entdeckung und der Bewahrung \u00fcberlieferter Traditionen. Dieser k\u00f6stliche Lik\u00f6r erfreut weiterhin Gaumen auf der ganzen Welt und erinnert jeden daran, wie wichtig es ist, einzigartige Aromen und kulturelles Erbe zu bewahren.<\/p>\n","protected":false},"excerpt":{"rendered":"<p class=\"\" data-start=\"179\" data-end=\"404\">Dieser handwerklich hergestellte Cl\u00e9mentino wird in unserem Atelier in der Schweiz nach italienischer Tradition von Hand hergestellt. Jede Flasche spiegelt unser Engagement f\u00fcr eine authentische handwerkliche Produktion wider, ohne Kompromisse bei der Qualit\u00e4t einzugehen.<\/p>\n<p class=\"\" data-start=\"406\" data-end=\"645\">Wir verwenden nur 100% nat\u00fcrliche Zutaten f\u00fcr unseren Clementinenlik\u00f6r: biologische Clementinen aus Italien, raffinierter biologischer Zucker aus der Schweiz und biologischer Alkohol aus der Schweiz. Keine Konservierungsmittel, Farbstoffe oder k\u00fcnstlichen Aromen.<\/p>\n<p class=\"\" data-start=\"647\" data-end=\"667\"><strong data-start=\"647\" data-end=\"667\">Merkmale<\/strong><\/p>\n<p class=\"\" data-start=\"669\" data-end=\"985\">Handwerkliche Herstellung in kleinen Chargen<br data-start=\"706\" data-end=\"709\" \/>Zesten von handgesch\u00e4lten Bio-Clementinen<br data-start=\"753\" data-end=\"756\" \/>Ohne Zusatz von Konservierungsmitteln, Farbstoffen oder Aromen<br data-start=\"803\" data-end=\"806\" \/>Nat\u00fcrliche Entwicklung: Mit der Zeit kann eine leichte Ablagerung oder Trennung auftreten<br data-start=\"890\" data-end=\"893\" \/>Farbe und aromatische Intensit\u00e4t k\u00f6nnen je nach Saison und Sorte der Clementinen variieren.<\/p>\n<p class=\"\" data-start=\"987\" data-end=\"1002\"><strong data-start=\"987\" data-end=\"1002\">Auszeichnungen<\/strong><\/p>\n<p class=\"\" data-start=\"987\" data-end=\"1002\">Goldmedaille &#8211; Internationaler Wettbewerb Lyon 2023<\/p>\n<p class=\"\" data-start=\"1210\" data-end=\"1237\"><strong data-start=\"1210\" data-end=\"1237\">Lieferung und Bedingungen<\/strong><\/p>\n<p class=\"\" data-start=\"1239\" data-end=\"1437\">Versand in der ganzen Schweiz innerhalb von 3-5 Tagen<br data-start=\"1287\" data-end=\"1290\" \/>Sorgf\u00e4ltige und sichere Verpackung<br data-start=\"1318\" data-end=\"1321\" \/>Sichere Bezahlung (Twint, Kreditkarte, Bank\u00fcberweisung)<br data-start=\"1382\" data-end=\"1385\" \/><strong>Unsere Preise beinhalten die Versandkosten ab 100 CHF.<\/strong><\/p>\n<p class=\"\" data-start=\"1439\" data-end=\"1578\"><strong data-start=\"1439\" data-end=\"1451\">Hinweis<\/strong>: Dieser Clementino, ungefiltert und ohne Stabilisatoren, kann einen leichten Bodensatz auf der Oberfl\u00e4che aufweisen. Dies beeintr\u00e4chtigt nicht seine Qualit\u00e4t.<\/p>\n<p class=\"\" data-start=\"1580\" data-end=\"1668\"><strong data-start=\"1580\" data-end=\"1668\">Der Missbrauch von Alkohol ist gef\u00e4hrlich f\u00fcr die Gesundheit. Dieses Produkt ist f\u00fcr vollj\u00e4hrige Personen bestimmt. <\/strong><\/p>\n","protected":false},"featured_media":11397,"comment_status":"open","ping_status":"closed","template":"","meta":[],"product_cat":[168,167,157],"product_tag":[],"jetpack_sharing_enabled":true,"_links":{"self":[{"href":"https:\/\/cuoredilimone.ch\/de\/wp-json\/wp\/v2\/product\/10548"}],"collection":[{"href":"https:\/\/cuoredilimone.ch\/de\/wp-json\/wp\/v2\/product"}],"about":[{"href":"https:\/\/cuoredilimone.ch\/de\/wp-json\/wp\/v2\/types\/product"}],"replies":[{"embeddable":true,"href":"https:\/\/cuoredilimone.ch\/de\/wp-json\/wp\/v2\/comments?post=10548"}],"wp:featuredmedia":[{"embeddable":true,"href":"https:\/\/cuoredilimone.ch\/de\/wp-json\/wp\/v2\/media\/11397"}],"wp:attachment":[{"href":"https:\/\/cuoredilimone.ch\/de\/wp-json\/wp\/v2\/media?parent=10548"}],"wp:term":[{"taxonomy":"product_cat","embeddable":true,"href":"https:\/\/cuoredilimone.ch\/de\/wp-json\/wp\/v2\/product_cat?post=10548"},{"taxonomy":"product_tag","embeddable":true,"href":"https:\/\/cuoredilimone.ch\/de\/wp-json\/wp\/v2\/product_tag?post=10548"}],"curies":[{"name":"wp","href":"https:\/\/api.w.org\/{rel}","templated":true}]}}