{"id":10551,"date":"2022-03-25T07:54:31","date_gmt":"2022-03-25T06:54:31","guid":{"rendered":"https:\/\/cuoredilimone.ch\/produit\/handwerklicher-arancello-orangenlikoer\/"},"modified":"2026-03-13T13:24:26","modified_gmt":"2026-03-13T12:24:26","slug":"arancello","status":"publish","type":"product","link":"https:\/\/cuoredilimone.ch\/de\/produit\/arancello\/","title":{"rendered":"Handwerklicher Arancello ~ Orangenlik\u00f6r"},"content":{"rendered":"<p><strong>Volumen<\/strong>: Alk. 24% &#8211; 26% vol. Alkoholgehalt auf den Etiketten je nach Cuv\u00e9e<\/p>\n<p>&nbsp;<\/p>\n<p class=\"font_2\"><strong><a href=\"https:\/\/cuoredilimone.ch\/conseils\/\">Hier finden Sie unsere Tipps, wie Sie Ihren Lik\u00f6r am besten aufbewahren und genie\u00dfen k\u00f6nnen.<\/a><\/strong><\/p>\n<p>&nbsp;<\/p>\n<h3>Die Geschichte von Arancello, Orangenlik\u00f6r<\/h3>\n<div class=\"flex flex-grow flex-col gap-3\">\n<div class=\"min-h-[20px] flex flex-col items-start gap-4 whitespace-pre-wrap break-words\">\n<div class=\"markdown prose w-full break-words dark:prose-invert light\">\n<p>Die Geschichte von Arancello reicht bis in die wundersch\u00f6nen Mittelmeerregionen Italiens zur\u00fcck. Dieser erfrischende und duftende Orangenlik\u00f6r stammt aus einer handwerklichen Tradition, die in den K\u00fcstenregionen Siziliens und der Amalfik\u00fcste verwurzelt ist.<\/p>\n<p>&nbsp;<\/p>\n<p>Der genaue Ursprung von Arancello ist r\u00e4tselhaft, man geht jedoch davon aus, dass er im fr\u00fchen 20. Jahrhundert entstand, inspiriert durch das Rezept des ber\u00fchmten Limoncello. Der genaue Ursprung von Arancello ist r\u00e4tselhaft, man geht jedoch davon aus, dass er im fr\u00fchen 20. Jahrhundert entstand, inspiriert durch das Rezept des ber\u00fchmten Limoncello.<\/p>\n<p>&nbsp;<\/p>\n<p>Einheimische Familien haben die Geheimnisse der Herstellung von Arancello sorgf\u00e4ltig geh\u00fctet und ihre Rezepte von Generation zu Generation weitergegeben. Die Verwendung spezifischer Orangensorten, wie zum Beispiel sizilianische Blutorangen oder s\u00fc\u00dfe Orangen von der Amalfik\u00fcste, verleihen diesem Lik\u00f6r seinen einzigartigen Charakter und seinen faszinierenden Geschmack.<\/p>\n<p>&nbsp;<\/p>\n<p>Im Laufe der Jahrzehnte hat sich Arancello zu einer unverzichtbaren Spezialit\u00e4t der Region entwickelt. Lokale Produzenten verfeinerten ihre Herstellungstechniken und begannen, diesen handwerklich hergestellten Lik\u00f6r au\u00dferhalb der Grenzen Italiens zu vermarkten.<\/p>\n<p>&nbsp;<\/p>\n<p>Heute ist Arancello auf der ganzen Welt wegen seiner Kombination aus subtiler Bitterkeit und fruchtiger S\u00fc\u00dfe beliebt. Das traditionelle Arancello-Rezept ist relativ einfach: Orangenschale in hochwertigen Alkohol eingie\u00dfen und anschlie\u00dfend einen Zuckersirup hinzuf\u00fcgen, um die Aromen auszugleichen.<\/p>\n<p>&nbsp;<\/p>\n<p>Allerdings hat jeder Arancello-Hersteller seine eigene pers\u00f6nliche Note und sein eigenes Geheimrezept, bei dem er Kr\u00e4uter, Gew\u00fcrze oder besondere Zutaten hinzuf\u00fcgt, um eine einzigartige Signatur zu schaffen. Manche bevorzugen handwerkliche Methoden, andere entscheiden sich f\u00fcr modernere Produktionstechniken.<\/p>\n<p>&nbsp;<\/p>\n<p>Arancello wird oft als Aperitif genossen und gek\u00fchlt in kleinen Gl\u00e4sern serviert, um Momente der Geselligkeit und Entspannung zu begleiten. Es wird auch bei der Zubereitung kreativer Cocktails oder als Zutat zum Verfeinern von Desserts verwendet.<\/p>\n<p>&nbsp;<\/p>\n<p>Die Geschichte von Arancello ist gepr\u00e4gt von Leidenschaft f\u00fcr Zitrusfr\u00fcchte, traditionellem Know-how und mediterranen K\u00f6stlichkeiten. Dieser sonnige Orangenlik\u00f6r erfreut weiterhin Gaumen auf der ganzen Welt, indem er die Essenz Italiens einf\u00e4ngt und Lik\u00f6rliebhaber zu unvergesslichen Geschmackshorizonten entf\u00fchrt.<\/p>\n<\/div>\n<\/div>\n<\/div>\n","protected":false},"excerpt":{"rendered":"<p class=\"\" data-start=\"149\" data-end=\"373\">Dieser handgefertigte Arancello wird in unserem Atelier in der Schweiz nach italienischer Tradition von Hand hergestellt. Jede Flasche spiegelt unser Engagement f\u00fcr eine authentische handwerkliche Produktion wider, ohne Kompromisse bei der Qualit\u00e4t einzugehen.<\/p>\n<p class=\"\" data-start=\"375\" data-end=\"577\">Wir verwenden nur 100% nat\u00fcrliche Zutaten f\u00fcr unseren Orangenlik\u00f6r: biologische Orangen aus Italien, raffinierter biologischer Zucker aus der Schweiz und biologischer Alkohol aus der Schweiz. Keine Konservierungsmittel, Farbstoffe oder k\u00fcnstliche Aromen.<\/p>\n<p class=\"\" data-start=\"579\" data-end=\"599\"><strong data-start=\"579\" data-end=\"599\">Merkmale<\/strong><\/p>\n<p class=\"\" data-start=\"601\" data-end=\"908\">Handwerkliche Herstellung in kleinen Chargen<br data-start=\"638\" data-end=\"641\" \/>Handgesch\u00e4lte Bio-Orangenschalen<br data-start=\"680\" data-end=\"683\" \/>Ohne Zusatz von Konservierungsmitteln, Farbstoffen oder Aromen<br data-start=\"730\" data-end=\"733\" \/>Nat\u00fcrliche Entwicklung: Mit der Zeit kann eine leichte Ablagerung oder Trennung auftreten<br data-start=\"817\" data-end=\"820\" \/>Farbe und aromatische Intensit\u00e4t k\u00f6nnen je nach Jahreszeit und Orangensorte variieren.<\/p>\n<p class=\"\" data-start=\"910\" data-end=\"925\"><strong data-start=\"910\" data-end=\"925\">Auszeichnungen<\/strong><\/p>\n<p class=\"\" data-start=\"910\" data-end=\"925\">Goldmedaille &#8211; Lyion International Competition 2023<br data-start=\"1022\" data-end=\"1025\" \/>Gesch\u00e4tzt f\u00fcr seinen runden, nat\u00fcrlich s\u00fc\u00dfen und langen Abgang und seine leichte Bitterkeit<\/p>\n<p class=\"\" data-start=\"1098\" data-end=\"1125\"><strong data-start=\"1098\" data-end=\"1125\">Lieferung und Bedingungen<\/strong><\/p>\n<p class=\"\" data-start=\"1127\" data-end=\"1325\">Versand in der ganzen Schweiz innerhalb von 3-5 Tagen<br data-start=\"1175\" data-end=\"1178\" \/>Sorgf\u00e4ltige und sichere Verpackung<br data-start=\"1206\" data-end=\"1209\" \/>Sichere Bezahlung (Twint, Kreditkarte, Bank\u00fcberweisung)<br data-start=\"1270\" data-end=\"1273\" \/><strong>Unsere Preise beinhalten die Versandkosten ab 100 CHF.<\/strong><\/p>\n<p class=\"\" data-start=\"1327\" data-end=\"1466\"><strong data-start=\"1327\" data-end=\"1339\">Hinweis<\/strong>: Dieser Arancello, ungefiltert und ohne Stabilisatoren, kann einen leichten Bodensatz auf der Oberfl\u00e4che aufweisen. Dies beeintr\u00e4chtigt nicht seine Qualit\u00e4t.<\/p>\n<p class=\"\" data-start=\"1468\" data-end=\"1556\"><strong data-start=\"1468\" data-end=\"1556\">Der Missbrauch von Alkohol ist gef\u00e4hrlich f\u00fcr die Gesundheit. Dieses Produkt ist f\u00fcr vollj\u00e4hrige Personen bestimmt. <\/strong><\/p>\n","protected":false},"featured_media":11406,"comment_status":"open","ping_status":"closed","template":"","meta":[],"product_cat":[168,167,157],"product_tag":[],"jetpack_sharing_enabled":true,"_links":{"self":[{"href":"https:\/\/cuoredilimone.ch\/de\/wp-json\/wp\/v2\/product\/10551"}],"collection":[{"href":"https:\/\/cuoredilimone.ch\/de\/wp-json\/wp\/v2\/product"}],"about":[{"href":"https:\/\/cuoredilimone.ch\/de\/wp-json\/wp\/v2\/types\/product"}],"replies":[{"embeddable":true,"href":"https:\/\/cuoredilimone.ch\/de\/wp-json\/wp\/v2\/comments?post=10551"}],"wp:featuredmedia":[{"embeddable":true,"href":"https:\/\/cuoredilimone.ch\/de\/wp-json\/wp\/v2\/media\/11406"}],"wp:attachment":[{"href":"https:\/\/cuoredilimone.ch\/de\/wp-json\/wp\/v2\/media?parent=10551"}],"wp:term":[{"taxonomy":"product_cat","embeddable":true,"href":"https:\/\/cuoredilimone.ch\/de\/wp-json\/wp\/v2\/product_cat?post=10551"},{"taxonomy":"product_tag","embeddable":true,"href":"https:\/\/cuoredilimone.ch\/de\/wp-json\/wp\/v2\/product_tag?post=10551"}],"curies":[{"name":"wp","href":"https:\/\/api.w.org\/{rel}","templated":true}]}}