{"id":13267,"date":"2026-03-22T16:22:29","date_gmt":"2026-03-22T15:22:29","guid":{"rendered":"https:\/\/cuoredilimone.ch\/?post_type=product&#038;p=13267"},"modified":"2026-03-22T17:04:30","modified_gmt":"2026-03-22T16:04:30","slug":"absinthe-blanche-botanique-spirituosen-aus-der-schweiz","status":"publish","type":"product","link":"https:\/\/cuoredilimone.ch\/de\/produit\/absinthe-blanche-botanique-spirituosen-aus-der-schweiz\/","title":{"rendered":"Absinthe Blanche Botanique &#8211; Spirituosen aus der Schweiz"},"content":{"rendered":"<h2 data-section-id=\"1s7a1bl\" data-start=\"165\" data-end=\"210\">BOTALIQ &#8211; Schweizer Premium-Spirituosen<\/h2>\n<p data-start=\"212\" data-end=\"532\">Die Produktreihe <strong data-start=\"221\" data-end=\"232\">BOTALIQ<\/strong> umfasst Schweizer Spirituosen, die mit hohem Anspruch hergestellt werden und unser handwerkliches K\u00f6nnen und eine sorgf\u00e4ltige Auswahl der Rohstoffe unter Beweis stellen. Diese Kollektion steht f\u00fcr Qualit\u00e4t, Pr\u00e4zision und Respekt f\u00fcr die Traditionen, wobei die Identit\u00e4t des Schweizer Bodens hervorgehoben wird.<\/p>\n<p data-start=\"534\" data-end=\"942\">Der<strong data-start=\"557\" data-end=\"586\">destillierte Schweizer Absinthe<\/strong> ist das Herzst\u00fcck des Sortiments. Er wird nach kontrollierten Verfahren aus sorgf\u00e4ltig ausgew\u00e4hlten Pflanzen hergestellt, darunter der Gro\u00dfe Wermut, Anis und Fenchel. Die Destillation erm\u00f6glicht die Extraktion komplexer aromatischer Profile, die von pflanzlichen, kr\u00e4uterigen und anisartigen Noten gepr\u00e4gt sind, die f\u00fcr diese emblematische Spezialit\u00e4t charakteristisch sind.<\/p>\n<h3 data-section-id=\"1732j1n\" data-start=\"944\" data-end=\"980\">Schweizer Handwerkskunst<\/h3>\n<p data-start=\"982\" data-end=\"1242\">Die Spirituosen von BOTALIQ werden in kleinen Serien hergestellt, was eine genaue Kontrolle bei jedem Schritt erm\u00f6glicht. Von der Auswahl der Pflanzen bis zur Destillation wird jede Phase mit besonderer Sorgfalt durchgef\u00fchrt, um eine gleichbleibende Qualit\u00e4t zu gew\u00e4hrleisten.<\/p>\n<ul data-start=\"1244\" data-end=\"1408\">\n<li data-section-id=\"1l0b5h3\" data-start=\"1244\" data-end=\"1277\">Schweizer handgefertigte Spirituosen<\/li>\n<li data-section-id=\"1bez366\" data-start=\"1278\" data-end=\"1309\">Traditionelle Destillation<\/li>\n<li data-section-id=\"ksa2y3\" data-start=\"1310\" data-end=\"1346\">Auswahl an aromatischen Pflanzen<\/li>\n<li data-section-id=\"189hiqz\" data-start=\"1347\" data-end=\"1376\">Produktion in kleinen Chargen<\/li>\n<\/ul>\n<p data-start=\"1410\" data-end=\"1498\">Dieser Ansatz unterstreicht unser lokales Know-how und die Herstellung in menschlichem Ma\u00dfstab.<\/p>\n<h3 data-section-id=\"1rw51jk\" data-start=\"1500\" data-end=\"1546\">Schweizer Absinthe: Tradition und Pr\u00e4zision<\/h3>\n<p data-start=\"1548\" data-end=\"1825\">Der Absinth ist historisch mit der Schweiz und insbesondere mit der Region Val-de-Travers verbunden und geh\u00f6rt zum Erbe der helvetischen Spirituosen. Die Version, die in der BOTALIQ Reihe angeboten wird, folgt dieser Kontinuit\u00e4t und interpretiert die Destillationsmethoden getreu.<\/p>\n<p data-start=\"1827\" data-end=\"2024\">Die Zusammensetzung beruht auf einem Gleichgewicht zwischen verschiedenen Pflanzen, die eine strukturierte Aromenpalette bieten. Die Destillation erm\u00f6glicht es, die feinen Aromen ohne Zusatz von k\u00fcnstlichen Aromen zu entfalten.<\/p>\n<h3 data-section-id=\"159hrfg\" data-start=\"2026\" data-end=\"2068\">Sorgf\u00e4ltig ausgew\u00e4hlte Zutaten<\/h3>\n<p data-start=\"2070\" data-end=\"2162\">Die Spirituosen von BOTALIQ werden aus Zutaten hergestellt, die wir aufgrund ihrer Qualit\u00e4t ausgew\u00e4hlt haben:<\/p>\n<ul data-start=\"2164\" data-end=\"2327\">\n<li data-section-id=\"1x9u8o9\" data-start=\"2164\" data-end=\"2198\">Nat\u00fcrliche aromatische Pflanzen<\/li>\n<li data-section-id=\"1kl6sia\" data-start=\"2199\" data-end=\"2261\">Zutaten aus kontrolliertem, biologischem Anbau oder aus Wildsammlung<\/li>\n<li data-section-id=\"sycx0w\" data-start=\"2262\" data-end=\"2298\">Keine k\u00fcnstlichen Aromen<\/li>\n<li data-section-id=\"1nue76o\" data-start=\"2299\" data-end=\"2327\">Keine Konservierungsstoffe<\/li>\n<li data-section-id=\"1nue76o\" data-start=\"2299\" data-end=\"2327\">Schweizer Bio-Alkohol<\/li>\n<\/ul>\n<p data-start=\"2329\" data-end=\"2437\">Jedes Rezept wird unter Ber\u00fccksichtigung der aromatischen Koh\u00e4renz und des Respekts f\u00fcr die Rohstoffe entwickelt.<\/p>\n<h3 data-section-id=\"jrdko0\" data-start=\"2439\" data-end=\"2482\">Eine Reihe von Schweizer Premium-Spirituosen<\/h3>\n<p data-start=\"2484\" data-end=\"2605\">BOTALIQ richtet sich an Personen, die nach qualitativ hochwertigen Schweizer Spirituosen suchen, mit besonderem Augenmerk auf :<\/p>\n<ul data-start=\"2607\" data-end=\"2732\">\n<li data-section-id=\"1vbjezo\" data-start=\"2607\" data-end=\"2636\">die Herkunft der Zutaten<\/li>\n<li data-section-id=\"1gd5b2u\" data-start=\"2637\" data-end=\"2668\">die Herstellungsmethoden<\/li>\n<li data-section-id=\"1cmf703\" data-start=\"2669\" data-end=\"2696\">aromatische Pr\u00e4zision<\/li>\n<li data-section-id=\"1jzkgff\" data-start=\"2697\" data-end=\"2732\">die Positionierung im oberen Bereich<\/li>\n<\/ul>\n<p data-start=\"2734\" data-end=\"2843\">Diese Produktreihe betont einen modernen handwerklichen Ansatz, der in den Schweizer Traditionen der Destillation verwurzelt ist.<\/p>\n","protected":false},"excerpt":{"rendered":"<p data-start=\"99\" data-end=\"479\">Der<strong data-start=\"132\" data-end=\"160\">BOTALIQ Blanche Absinthe<\/strong> ist das Ergebnis einer handwerklichen Destillation in der Schweiz, die aus einer raffinierten Mischung von <strong data-start=\"257\" data-end=\"299\">12 sorgf\u00e4ltig ausgew\u00e4hlten Pflanzen<\/strong> hergestellt wird. Sein Profil wird von eleganten Anisnoten dominiert, die von den erg\u00e4nzenden Kr\u00e4utern perfekt ausbalanciert werden, die eine runde und weiche Note ohne \u00fcberm\u00e4\u00dfige Bitterkeit verleihen.<\/p>\n<p data-start=\"481\" data-end=\"834\">Jede Pflanze wird aufgrund ihrer aromatischen Qualit\u00e4t und ihrer Rolle in der Gesamtharmonie des Rezepts ausgew\u00e4hlt. Sie enth\u00fcllt kr\u00e4uterige, blumige und leicht s\u00fc\u00dfe Nuancen, die diesen Absinthe zu einem raffinierten und komplexen Erlebnis machen. Die sorgf\u00e4ltige Destillation garantiert die Reinheit und Feinheit, die f\u00fcr <strong data-start=\"795\" data-end=\"831\">Schweizer Premium-Spirituosen<\/strong> typisch ist.<\/p>\n<p data-start=\"836\" data-end=\"1112\">Dieser Absinthe zeichnet sich durch seine subtile aromatische Ausgewogenheit aus und bietet eine zeitgem\u00e4\u00dfe und elegante Interpretation dieser emblematischen Spirituose, die das Schweizer Terroir und die Tradition der handwerklichen Destillation respektiert.<\/p>\n","protected":false},"featured_media":13274,"comment_status":"open","ping_status":"closed","template":"","meta":[],"product_cat":[168,167,157],"product_tag":[],"jetpack_sharing_enabled":true,"_links":{"self":[{"href":"https:\/\/cuoredilimone.ch\/de\/wp-json\/wp\/v2\/product\/13267"}],"collection":[{"href":"https:\/\/cuoredilimone.ch\/de\/wp-json\/wp\/v2\/product"}],"about":[{"href":"https:\/\/cuoredilimone.ch\/de\/wp-json\/wp\/v2\/types\/product"}],"replies":[{"embeddable":true,"href":"https:\/\/cuoredilimone.ch\/de\/wp-json\/wp\/v2\/comments?post=13267"}],"wp:featuredmedia":[{"embeddable":true,"href":"https:\/\/cuoredilimone.ch\/de\/wp-json\/wp\/v2\/media\/13274"}],"wp:attachment":[{"href":"https:\/\/cuoredilimone.ch\/de\/wp-json\/wp\/v2\/media?parent=13267"}],"wp:term":[{"taxonomy":"product_cat","embeddable":true,"href":"https:\/\/cuoredilimone.ch\/de\/wp-json\/wp\/v2\/product_cat?post=13267"},{"taxonomy":"product_tag","embeddable":true,"href":"https:\/\/cuoredilimone.ch\/de\/wp-json\/wp\/v2\/product_tag?post=13267"}],"curies":[{"name":"wp","href":"https:\/\/api.w.org\/{rel}","templated":true}]}}